{"id":571,"date":"2020-03-05T10:22:29","date_gmt":"2020-03-05T09:22:29","guid":{"rendered":"https:\/\/retrading.it\/privacy-policy\/"},"modified":"2022-04-12T09:14:50","modified_gmt":"2022-04-12T07:14:50","slug":"privacy-policy","status":"publish","type":"page","link":"https:\/\/retrading.it\/en\/privacy-policy\/","title":{"rendered":"Privacy Policy"},"content":{"rendered":"<p style=\"text-align: left;\" align=\"center\"><b>GDPR 679\/2016 \u2013 Informativa in materia di protezione dei dati personali<\/b><\/p>\n<p><b>Si informano gli utenti:<\/b><\/p>\n<p>che i dati verranno trattati in accordo alle disposizioni legislative della normativa sopra richiamata e degli obblighi di riservatezza ivi previsti secondo i principi di correttezza, liceit\u00e0, trasparenza e di tutela della Sua riservatezza<b><\/b><\/p>\n<p>&nbsp;<\/p>\n<p><b>Base giuridica<\/b><\/p>\n<p>L\u2019elaborazione dei dati del cliente si basa sul consenso fornito direttamente dallo stesso, e sulla necessaria elaborazione per consentire la conclusione del contratto di servizio e acconsentono al trattamento dei loro dati personali in relazione alle modalit\u00e0 e alle finalit\u00e0 di seguito descritte, compreso l\u2019eventuale diffusione a terzi se necessaria per l\u2019erogazione di un servizio.<\/p>\n<p>Art. 6 comma 1) lett. a) l\u2019interessato ha espresso il consenso al trattamento dei propri dati personali per una o pi\u00f9 specifiche finalit\u00e0; b) il trattamento \u00e8 necessario all\u2019esecuzione di un contratto di cui l\u2019interessato \u00e8 parte o all\u2019esecuzione di misure precontrattuali adottate su richiesta dello stesso; f) il trattamento \u00e8 necessario per il perseguimento del legittimo interesse del titolare del trattamento o di terzi.<\/p>\n<p>Il Titolare del Trattamento dei suoi dati personali \u00e8 R.E. Trading S.r.l. \u2013 P.IVA 02780400343 \u2013 Sandro Pertini 12\/a 43126 Parma (PR), responsabile del legittimo e corretto uso dei suoi dati personali e che potr\u00e0 contattare per qualsiasi informazione o richiesta ai seguenti recapiti: dati di contatto: Tel: 0521.1705656 mail: info@retrading.it<\/p>\n<p>Il Titolare del trattamento, ai sensi dell\u2019art. 37 GDPR ha nominato il suo legale rappresentante pro-tempore.<b><\/b><\/p>\n<p>&nbsp;<\/p>\n<p><b>Finalit\u00e0 del Trattamento<\/b><\/p>\n<p><b>1.<\/b>Dare seguito alle attivit\u00e0 di presales e di informazione commerciale richieste dal soggetto.<\/p>\n<p><b>2.<\/b>Gestire, concludere e dare esecuzione del rapporto contrattuale concordato, nonch\u00e9, degli eventuali dispositivi accessori richiesti, incluso ogni adempimento relativo ad obblighi fiscali e di contabilit\u00e0.<\/p>\n<p><b>3.<\/b>Gestire ed eseguire le richieste di contatto dell\u2019interessato, le richieste di fornitura dei servizi, nelle richieste di assistenza anche mediante comunicazione a terzi.<\/p>\n<p><b>4.<\/b>Dati derivanti da implicita trasmissione nell\u2019uso dei protocolli di comunicazione di Internet,<\/p>\n<p><b>5.<\/b>I dati potrebbero inoltre essere utilizzati per l\u2019accertamento di responsabilit\u00e0 in caso di ipotetici reati informatici ai danni della struttura informatica (legittimi interessi del titolare).<\/p>\n<p><b>6.<\/b>La R.E. Trading S.r.l. effettua la profilazione secondo le modalit\u00e0 e i limiti normativi, con invio di informazioni promozionali relative ai nostri servizi, informazioni di marketing, remarketing, pubblicit\u00e0 e altre informazioni che possono essere di tuo interesse in base alle preferenze espresse in sede di conferimento dei dati personali.<b><\/b><\/p>\n<p>&nbsp;<\/p>\n<p><b>Ambito Territoriale<\/b><\/p>\n<p>Il Titolare informa che effettuer\u00e0 il trattamento dei dati conferiti, prevalentemente in via diretta o attraverso incarico ad altro soggetto comunque in ambito Europeo.<b><\/b><\/p>\n<p>&nbsp;<\/p>\n<p><b>L\u2019Interessato<\/b><\/p>\n<p>ai sensi dell\u2019articolo 15 del Regolamento EU 679\/2016 ha diritto di ottenere la conferma dell\u2019esistenza o meno di dati che la riguardano, ottenere l\u2019indicazione dell\u2019origine e delle finalit\u00e0 e modalit\u00e0 del trattamento, l\u2019aggiornamento, la rettificazione, l\u2019integrazione dei dati, la cancellazione dei dati trattati in violazione di legge e ha diritto di opporsi al trattamento per finalit\u00e0 di invio di materiale pubblicitario.<b><\/b><\/p>\n<p>&nbsp;<\/p>\n<p><b>Esercizio dei diritti \u2013 Reclamo<\/b><\/p>\n<p>\u00c8 possibile esercitare ogni diritto descritto in questa sezione nei confronti del Titolare del trattamento, inviando un\u2019email a info@retrading.it<\/p>\n<p>Ti ricordiamo che potremmo chiederti di verificare la tua identit\u00e0 prima di intraprendere ulteriori azioni in base alla tua richiesta. Per esercitare i diritti di cui all\u2019art. 15 del Regolamento EU 679\/2016 pu\u00f2 rivolgersi al Titolare scrivendo a: R.E. Trading S.r.l. \u2013 P.IVA 02780400343 \u2013 Sandro Pertini 12\/a 43126 Parma (PR) o inviando una mail a info@retrading.it<b><\/b><\/p>\n<p>&nbsp;<\/p>\n<p><b>Accesso ai dati<\/b><\/p>\n<p>Hai il diritto di richiedere copie di dati personali che ci hai fornito in un formato strutturato, comunemente usato e leggibile elettronicamente, e\/o richiederci di trasmettere tali informazioni a un altro fornitore di servizi (laddove tecnicamente fattibile).<\/p>\n<p>Durata del Trattamento Conservazione<\/p>\n<p>In generale, R.E. Trading S.r.l. conserva i tuoi dati personali brevi periodi di tempo, o per il tempo necessario all\u2019esecuzione del contratto stipulato.<\/p>\n<ul>\n<li>Potremmo conservare alcuni dei tuoi dati personali nella misura necessaria ad assolvere ai nostri obblighi legali e fiscali nonch\u00e9 alla tutela dei nostri interessi contrattuali.<\/li>\n<li>Eccezionalmente potremmo conservare alcuni dei tuoi dati personali per lo svolgimento di attivit\u00e0 di indagine, come previsto dalla normativa.<\/li>\n<li>Dichiariamo che, trascorsi 24 mesi dal termine delle obbligazioni contrattuali o dalle attivit\u00e0 di presales e commerciali richieste, rimuoveremo i dati personali non diversamente necessari per normative cogenti.<b><\/b><\/li>\n<\/ul>\n<p>&nbsp;<\/p>\n<p><b>Ritiro del consenso e limitazione del trattamento dei dati personali.<\/b><\/p>\n<p>E\u2019 possibile in qualsiasi momento revocare il consenso al trattamento dei dati personali inviandoci una comunicazione nella quale specifichi la volont\u00e0 di voler revocare il consenso, oppure procedere direttamente con la cancellazione ove previsto. La revoca del consenso non incide sulla legittimit\u00e0 di qualunque attivit\u00e0 di trattamento basata su di esso prima della sua revoca.<\/p>\n<p>&nbsp;<\/p>\n<p><b>Informativa sui Cookie<\/b><\/p>\n<p>Un cookie \u00e8 una piccolo file di testo composto da lettere e numeri inseriti da un sito web nel computer di un utente quando accede un sito. Vengono conservati dal browser (per esempio Explorer o Chrome) sul vostro computer, smartphone o altro dispositivo e permettono a siti web di conservare ed utilizzare informazioni riguardo alle preferenze degli utenti in modo da riconoscere un utente quando accede al sito ed eventualmente rispondere di conseguenza.<\/p>\n<p>&nbsp;<\/p>\n<p><b>Come vengono utilizzati<\/b><\/p>\n<p>I cookie vengono utilizzati per incrementare la funzionalit\u00e0 e la fruibilit\u00e0 del nostro sito web. Utilizziamo due tipi di cookies: cookies persistenti e cookies della sessione<\/p>\n<ul>\n<li>I Cookies Persistenti sono quelli che rimangono nel motore di ricerca fra una sessione e l\u2019altra.<\/li>\n<li>I Cookies della Sessione sono presenti quando si visita il nostro sito e non vengono conservati nel browser quando viene abbandonato.<\/li>\n<\/ul>\n<p>&nbsp;<\/p>\n<p>Nessuna informazione personale \u00e8 registrata nei cookies.<\/p>\n<p>Tutte le informazioni raccolte dai cookies sono trattenute e non vengono divulgate, trasmesse o vendute a terzi.<\/p>\n<p>&nbsp;<\/p>\n<p><b>Tipologie di Cookie usati nel sito<\/b><\/p>\n<p>A seguire i vari tipi di cookie utilizzati in funzione delle finalit\u00e0 d\u2019uso.<\/p>\n<p>PHPSESSID \u2013 Cookie relativo alla sessione di navigazione all\u2019interno del Sito<\/p>\n<p>_ga \/ _gat \/ _gid \u2013 Cookie di Google Analytics<\/p>\n<p>displayCookieConsent \u2013 Cookie relativo all\u2019accettazione dell\u2019informativa sull\u2019utilizzo dei cookie<\/p>\n<p>&nbsp;<\/p>\n<p><b>Cookie tecnici<\/b><\/p>\n<p>Questa tipologia di cookie permette il corretto funzionamento di alcune sezioni del Sito.<\/p>\n<p>Sono di due categorie: persistenti e di sessione:<\/p>\n<ul>\n<li>persistenti: una volta chiuso il browser non vengono distrutti ma rimangono fino ad una data di scadenza preimpostata;<\/li>\n<li>di sessione: vengono distrutti ogni volta che il browser viene chiuso.<\/li>\n<\/ul>\n<p>Questi cookie, inviati sempre dal nostro dominio, sono necessari a visualizzare correttamente il sito e in relazione ai servizi tecnici offerti, verranno quindi sempre utilizzati e inviati, a meno che l\u2019utenza non modifichi le impostazioni nel proprio browser (inficiando cos\u00ec la visualizzazione delle pagine del sito).<\/p>\n<p>&nbsp;<\/p>\n<p><b>Cookie analitici<\/b><\/p>\n<p>I cookie in questa categoria vengono utilizzati per collezionare informazioni sull\u2019uso del sito. Il sito user\u00e0 queste informazioni in merito ad analisi statistiche anonime al fine di migliorare il l\u2019utilizzo del Sito e per rendere i contenuti pi\u00f9 interessanti e attinenti ai desideri dell\u2019utenza. Questa tipologia di cookie raccoglie dati in forma anonima sull\u2019attivit\u00e0 dell\u2019utenza e su come \u00e8 arrivata sul Sito. I cookie analitici sono inviati dal Sito Stesso o da domini di terze parti.<\/p>\n<p>&nbsp;<\/p>\n<p><b>Cookie di analisi per servizi di terze parti<\/b><\/p>\n<p>Questi cookie sono utilizzati al fine di raccogliere informazioni sull\u2019uso del Sito da parte degli utenti in forma anonima quali: pagine visitate, tempo di permanenza, origini del traffico di provenienza, provenienza geografica, et\u00e0, genere e interessi ai fini di campagne di marketing. Questi cookie sono inviati da domini di terze parti esterni al Sito.<\/p>\n<p>&nbsp;<\/p>\n<p><b>Cookie per integrare software e funzioni di terze parti<\/b><\/p>\n<p>Questa tipologia di cookie integra funzionalit\u00e0 sviluppate da terzi all\u2019interno delle pagine del Sito come le icone e le preferenze espresse nei social network al fine di condivisione dei contenuti del sito o per l\u2019uso di servizi software di terze parti (come i software per generare le mappe e ulteriori software che offrono servizi aggiuntivi). Questi cookie sono inviati da domini di terze parti e da siti partner che offrono le loro funzionalit\u00e0 tra le pagine del Sito.<\/p>\n<p>&nbsp;<\/p>\n<p><b>Cookie di profilazione<\/b><\/p>\n<p>Sono quei cookie necessari a creare profili utenti al fine di inviare messaggi pubblicitari in linea con le preferenze manifestate dall\u2019utente all\u2019interno delle pagine del Sito.<\/p>\n<p>&nbsp;<\/p>\n<p><b>Modalit\u00e0 di espressione del consenso per i cookie<\/b><\/p>\n<p>Il Titolare, secondo la normativa vigente, non \u00e8 tenuto a chiedere consenso per i cookie tecnici e di analytics, in quanto necessari a fornire i servizi richiesti. Per tutte le altre tipologie di cookie il consenso pu\u00f2 essere espresso dall\u2019Utente con una o pi\u00f9 di una delle seguenti modalit\u00e0:<\/p>\n<p>Mediante specifiche configurazioni del browser utilizzato o dei relativi programmi informatici utilizzati per navigare le pagine che compongono il Sito.<\/p>\n<p>Mediante modifica delle impostazioni nell\u2019uso dei servizi di terze parti<\/p>\n<p>Entrambe queste soluzioni potrebbero impedire all\u2019utente di utilizzare o visualizzare parti del Sito.<\/p>\n<p>&nbsp;<\/p>\n<p><b>Disabilitazione dei cookie<\/b><\/p>\n<p>La maggior parte dei browser accettano i cookie automaticamente, ma \u00e8 possibile anche scegliere di non accettarli. Se non si desidera che il proprio computer riceva e memorizzi cookie, si possono modificare le impostazioni di sicurezza del proprio browser (Internet Explorer, Google Chrome, Safari etc.).<\/p>\n","protected":false},"excerpt":{"rendered":"<p>GDPR 679\/2016 \u2013 Informativa in materia di protezione dei dati personali Si informano gli utenti: che i dati verranno trattati in accordo alle disposizioni legislative della normativa sopra richiamata e degli obblighi di riservatezza ivi previsti secondo i principi di correttezza, liceit\u00e0, trasparenza e di&#8230;<\/p>\n","protected":false},"author":1,"featured_media":0,"parent":0,"menu_order":0,"comment_status":"closed","ping_status":"closed","template":"","meta":[],"_links":{"self":[{"href":"https:\/\/retrading.it\/en\/wp-json\/wp\/v2\/pages\/571"}],"collection":[{"href":"https:\/\/retrading.it\/en\/wp-json\/wp\/v2\/pages"}],"about":[{"href":"https:\/\/retrading.it\/en\/wp-json\/wp\/v2\/types\/page"}],"author":[{"embeddable":true,"href":"https:\/\/retrading.it\/en\/wp-json\/wp\/v2\/users\/1"}],"replies":[{"embeddable":true,"href":"https:\/\/retrading.it\/en\/wp-json\/wp\/v2\/comments?post=571"}],"version-history":[{"count":1,"href":"https:\/\/retrading.it\/en\/wp-json\/wp\/v2\/pages\/571\/revisions"}],"predecessor-version":[{"id":594,"href":"https:\/\/retrading.it\/en\/wp-json\/wp\/v2\/pages\/571\/revisions\/594"}],"wp:attachment":[{"href":"https:\/\/retrading.it\/en\/wp-json\/wp\/v2\/media?parent=571"}],"curies":[{"name":"wp","href":"https:\/\/api.w.org\/{rel}","templated":true}]}}